{"id":363,"date":"2023-06-17T08:42:26","date_gmt":"2023-06-17T08:42:26","guid":{"rendered":"https:\/\/hisia-artwork.de\/home\/?page_id=363"},"modified":"2024-04-25T06:47:55","modified_gmt":"2024-04-25T06:47:55","slug":"geschichten-anderer-orte","status":"publish","type":"page","link":"https:\/\/hisia-artwork.de\/home\/geschichten-anderer-orte\/","title":{"rendered":"Geschichten aus der Welt"},"content":{"rendered":"<div class=\"\" style=\"\" >\n    \n    <section class=\"u-clearfix u-image u-shading u-section-2\" id=\"sec-ca2a\" data-image-width=\"2560\" data-image-height=\"1920\" style=\"background-image: linear-gradient(0deg, rgba(0, 0, 0, 0.4), rgba(0, 0, 0, 0.4)), url(&quot;https:\/\/hisia-artwork.de\/wp-content\/uploads\/2023\/05\/IMG_20230525_185650-scaled.jpg&quot;);\">\n      <div class=\"u-clearfix u-sheet u-valign-middle-lg u-valign-middle-md u-valign-middle-sm u-valign-middle-xl u-sheet-1\">\n        <h1 class=\"u-align-center u-text u-text-default-lg u-text-default-md u-text-default-sm u-text-default-xl u-text-1\">Geschichten aus der Welt<\/h1>\n      <\/div>\n    <\/section>\n    <section class=\"u-black u-clearfix u-section-3\" id=\"sec-c610\">\n      <div class=\"u-clearfix u-sheet u-valign-middle-lg u-sheet-1\">\n        <h2 class=\"u-align-center u-text u-text-1\">Das M\u00e4dchen mit den Haifisch-Schl\u00e4ppchen<\/h2>\n        <p class=\"u-align-justify u-text u-text-2\"> Eine herzerw\u00e4rmende, nette Geschichte zu diesem Portr\u00e4t w\u00e4re definitiv ein guter Verkaufsschlager. Jetzt noch etwas Nettes \u00fcber die Landschaft und Gegend und es erg\u00e4be ein rundes Bild. Inspirierend, und vielleicht macht sie Lust auf Reisen, auf Begegnungen. Doch dieses Portr\u00e4t entstand, weil es etwas gibt, das mir nicht aus dem Kopf gehen mag. <br>\n          <br>Das kleine M\u00e4dchen mit den schwarz-funkelnden Augen und den Haifisch-Schl\u00e4ppchen. Sie steht vor einer unglaublich gr\u00fcnen Kulisse in Nordvietnam auf einer Aussichtsplattform. Sie tr\u00e4gt einen Korb mit Blumen und Kr\u00e4utern auf dem R\u00fccken. Und sie scheint kaum \u00e4lter als 5 Jahre. Mit zusammengepressten Lippen, sodass man lediglich einen schmalen roten Strich erkennen kann, steht sie da und sieht mehr auf den Boden als auf die vorbeilaufenden Touristen. Irgendetwas wirkt hier fehl am Platz. Als w\u00e4re sie hier platziert worden, wie eine Blume in der Vase, um sch\u00f6n und besonders niedlich auszusehen, f\u00fcr die vorbeilaufenden Touristen, die f\u00fcr ein Foto hoffentlich etwas Geld dalassen und ihr Unwohlsein nicht zu bemerken scheinen. Ihre sch\u00fcchterne Zur\u00fcckhaltung nicht ernst nehmen, vielleicht \u00fcbersehen?&nbsp;&nbsp;<br>\n        <\/p>\n        <img decoding=\"async\" class=\"u-expanded-width-xs u-image u-image-default u-image-1\" src=\"https:\/\/hisia-artwork.de\/wp-content\/uploads\/2023\/06\/IMG_20230613_232739-scaled.jpg\" alt=\"\" data-image-width=\"1837\" data-image-height=\"2591\">\n        <p class=\"u-align-justify u-text u-text-3\"> Es ist morgens, halb 10. M\u00fcsste sie nicht eigentlich in der Schule sein? Gibt es so etwas \u00fcberhaupt in dieser Gegend?  Zwei M\u00e4dchen laufen an ihr vorbei, neben dem roten Lippenstift tragen sie sogar einen Blumenkranz in den Haaren und machen Fotos mit Touristen. Ein Junge sitzt auf einem Stein und spielt Fl\u00f6te. Ich schaue auf den Boden und sehe einen zerbrochenen roten Lipgloss in der Erde liegen. Ob das wohl ihrer war? Und wenn ja, warum hat sie ihn weggeworfen? Wo ihre Mutter wohl sein mag? Ob sie es wohl mag, hier zu stehen, um eine Touristenattraktion zu sein oder gibt es Dinge, die sie gerade lieber tun w\u00fcrde?<br>Ich trage selbst roten Lippenstift, gehe auf die Knie, zeige ihr, dass ich dieselbe Farbe auf den Lippen trage. Sie sieht mich mit ihren dunklen Augen an. Ich kann das Unwohlsein, das ich sp\u00fcre, kaum aushalten. Ich w\u00fcnschte, ich k\u00f6nnte ihr etwas geben, damit sie sich wohler f\u00fchlt, sie vielleicht zum L\u00e4cheln bringt. Mich beschleicht das Gef\u00fchl, dass gerade ich ein Teil des Problems bin, weshalb sie nicht l\u00e4chelt. Also gehe ich weg von ihr, irgendwie traurig, mit ihrem Blick immer wieder vor Augen. <br>\n          <br>In Zukunft werde ich mir \u00fcberlegen, wovon ich als Tourist Fotos mache, wof\u00fcr ich mein Geld ausgebe und was und besonders, wer Teil der Attraktion ist. So entstand diese Zeichnung und der Wunsch, diese Geschichte zu erz\u00e4hlen, um darauf aufmerksam zu machen, dass Kinder keine Touristenattraktionen sein sollten, egal in welcher Form. Ich schreibe in der Hoffnung, dass dieses M\u00e4dchen dennoch eine spielerische Kindheit genie\u00dfen kann.&nbsp;&nbsp;\n        <\/p>\n      <\/div>\n    <\/section>\n    \n    \n    \n  \n<\/div>","protected":false},"excerpt":{"rendered":"<p>Geschichten aus der Welt Das M\u00e4dchen mit den Haifisch-Schl\u00e4ppchen Eine herzerw\u00e4rmende, nette Geschichte zu diesem Portr\u00e4t w\u00e4re definitiv ein guter Verkaufsschlager. Jetzt noch etwas Nettes \u00fcber die Landschaft und Gegend und es erg\u00e4be ein rundes Bild. Inspirierend, und vielleicht macht sie Lust auf Reisen, auf Begegnungen. Doch dieses Portr\u00e4t entstand, weil es etwas gibt, das&hellip; <a class=\"more-link\" href=\"https:\/\/hisia-artwork.de\/home\/geschichten-anderer-orte\/\"><span class=\"screen-reader-text\">Geschichten aus der Welt<\/span> weiterlesen<\/a><\/p>\n","protected":false},"author":1,"featured_media":0,"parent":0,"menu_order":0,"comment_status":"closed","ping_status":"closed","template":"","meta":{"footnotes":""},"_links":{"self":[{"href":"https:\/\/hisia-artwork.de\/home\/wp-json\/wp\/v2\/pages\/363"}],"collection":[{"href":"https:\/\/hisia-artwork.de\/home\/wp-json\/wp\/v2\/pages"}],"about":[{"href":"https:\/\/hisia-artwork.de\/home\/wp-json\/wp\/v2\/types\/page"}],"author":[{"embeddable":true,"href":"https:\/\/hisia-artwork.de\/home\/wp-json\/wp\/v2\/users\/1"}],"replies":[{"embeddable":true,"href":"https:\/\/hisia-artwork.de\/home\/wp-json\/wp\/v2\/comments?post=363"}],"version-history":[{"count":10,"href":"https:\/\/hisia-artwork.de\/home\/wp-json\/wp\/v2\/pages\/363\/revisions"}],"predecessor-version":[{"id":466,"href":"https:\/\/hisia-artwork.de\/home\/wp-json\/wp\/v2\/pages\/363\/revisions\/466"}],"wp:attachment":[{"href":"https:\/\/hisia-artwork.de\/home\/wp-json\/wp\/v2\/media?parent=363"}],"curies":[{"name":"wp","href":"https:\/\/api.w.org\/{rel}","templated":true}]}}