{"id":13,"date":"2021-11-21T17:45:43","date_gmt":"2021-11-21T17:45:43","guid":{"rendered":"https:\/\/hisia-artwork.de\/impressum\/"},"modified":"2024-04-23T09:09:43","modified_gmt":"2024-04-23T09:09:43","slug":"impressum","status":"publish","type":"page","link":"https:\/\/hisia-artwork.de\/home\/impressum\/","title":{"rendered":"Impressum"},"content":{"rendered":"<div class=\"\" style=\"\" >\n    \n    <section class=\"u-black u-clearfix u-section-2\" id=\"sec-efa9\">\n      <div class=\"u-clearfix u-sheet u-sheet-1\">\n        <h1 class=\"u-align-left u-text u-text-default-lg u-text-default-md u-text-default-sm u-text-default-xl u-text-1\"> Impressum<\/h1>\n        <p class=\"u-align-left u-text u-text-default u-text-2\">\n          <span style=\"font-size: 2.25rem; font-weight: 700;\"><\/span>\n          <span style=\"font-weight: 700; font-size: 1.5rem;\">Angaben gem\u00e4\u00df \u00a7 5 TMG&nbsp;<\/span>\n          <br>\n          <span style=\"font-weight: 700;\">\n            <br>\n            <span style=\"font-size: 1.5rem;\">Postanschrift:&nbsp;<\/span>\n          <\/span>\n          <br>Ines Burkhardt<br> Obere Steige 9<br>74722 Buchen<br>\n          <br>\n          <span style=\"font-size: 1.5rem;\"><b>Kontakt:<\/b>\n          <\/span>\n          <br> Telefon: +4917684577516<br> E-Mail: info@hisia-artwork.de<br>\n          <br>\n          <span style=\"font-size: 1.5rem;\"><b>Umsatzsteuer-ID:<\/b>\n          <\/span>\n          <br> Umsatzsteuer-Identifikationsnummer gem\u00e4\u00df \u00a727a Umsatzsteuergesetz: 93\/03524011<br>\n          <br>\n          <span style=\"font-weight: 700;\">Berufshaftpflichtversicherung<\/span>\n          <br>\n          <br>\n          <br>\n          <span style=\"font-size: 1.5rem;\"><b>Aufsichtsbeh\u00f6rde:<\/b>\n          <\/span>\n          <br> Gesundheitsamt Stuttgart<br>\n          <br>\n          <br>\n          <span style=\"font-size: 1.5rem;\"><b>Haftungsausschluss:<\/b>\n          <\/span>\n          <br>\n          <br>F\u00fcr Aktualit\u00e4t, Korrektheit, Vollst\u00e4ndigkeit oder Qualit\u00e4t der Informationen der Webseite \u00fcbernimmt die Autorin keine Gew\u00e4hr.&nbsp;Haftungsanspr\u00fcche gegen den Autor, welche sich auf Sch\u00e4den materieller oder ideeller Art beziehen, die durch die Nutzung oder Nichtnutzung der dargebotenen Informationen bzw. durch die Nutzung fehlerhafter und unvollst\u00e4ndiger Informationen verursacht wurden, sind grunds\u00e4tzlich ausgeschlossen, sofern seitens des Autors kein nachweislich vors\u00e4tzliches oder grob fahrl\u00e4ssiges Verschulden vorliegt. Alle Angebote sind freibleibend und unverbindlich. Der Autor beh\u00e4lt es sich ausdr\u00fccklich vor, Teile der Seiten oder das gesamte Angebot ohne gesonderte Ank\u00fcndigung zu ver\u00e4ndern, zu erg\u00e4nzen, zu l\u00f6schen oder die Ver\u00f6ffentlichung zeitweise oder endg\u00fcltig einzustellen<br>\n          <br><b>Haftung f\u00fcr Inhalte<\/b>\n          <br>\n          <br> Die Inhalte dieser Seiten wurde mit gr\u00f6\u00dfter Sorgfalt erstellt. F\u00fcr die Richtigkeit, Vollst\u00e4ndigkeit und Aktualit\u00e4t der Inhalte kann jedoch keine Gew\u00e4hr \u00fcbernommen werden. Als Diensteanbieter bin ich gem\u00e4\u00df \u00a7 7 Abs.1 TMG f\u00fcr eigene Inhalte auf diesen Seiten nach den allgemeinen Gesetzen verantwortlich. Nach \u00a7\u00a7 8 bis 10 TMG bin ich als Diensteanbieter jedoch nicht verpflichtet, \u00fcbermittelte oder gespeicherte fremde Informationen zu \u00fcberwachen oder nach Umst\u00e4nden zu forschen, die auf eine rechtswidrige T\u00e4tigkeit hinweisen. Verpflichtungen zur Entfernung oder Sperrung der Nutzung von Informationen nach den allgemeinen Gesetzen bleiben hiervon unber\u00fchrt. Eine diesbez\u00fcgliche Haftung ist jedoch erst ab dem Zeitpunkt der Kenntnis einer konkreten Rechtsverletzung m\u00f6glich. Bei Bekanntwerden von entsprechenden Rechtsverletzungen werde ich diese Inhalte umgehend entfernen.<br>\n          <br><b>Urheberrecht<\/b>\n          <br>\n          <br> Die durch die Seitenbetreiber erstellten Inhalte und Werke auf diesen Seiten unterliegen dem deutschen Urheberrecht. Die Vervielf\u00e4ltigung, Bearbeitung, Verbreitung und jede Art der Verwertung au\u00dferhalb der Grenzen des Urheberrechtes bed\u00fcrfen der schriftlichen Zustimmung des jeweiligen Autors bzw. Erstellers. Downloads und Kopien dieser Seite sind nur f\u00fcr den privaten, nicht kommerziellen Gebrauch gestattet. Soweit die Inhalte auf dieser Seite nicht vom Betreiber erstellt wurden, werden die Urheberrechte Dritter beachtet. Insbesondere werden Inhalte Dritter als solche gekennzeichnet. Sollten Sie trotzdem auf eine Urheberrechtsverletzung aufmerksam werden, bitten wir um einen entsprechenden Hinweis. Bei Bekanntwerden von Rechtsverletzungen werden wir derartige Inhalte umgehend entfernen.<br>\n          <br>\n          <br>\n          <br>\n        <\/p>\n      <\/div>\n    <\/section>\n    \n    \n    \n  \n<\/div>","protected":false},"excerpt":{"rendered":"<p>Impressum Angaben gem\u00e4\u00df \u00a7 5 TMG&nbsp; Postanschrift:&nbsp; Ines Burkhardt Obere Steige 974722 Buchen Kontakt: Telefon: +4917684577516 E-Mail: info@hisia-artwork.de Umsatzsteuer-ID: Umsatzsteuer-Identifikationsnummer gem\u00e4\u00df \u00a727a Umsatzsteuergesetz: 93\/03524011 Berufshaftpflichtversicherung Aufsichtsbeh\u00f6rde: Gesundheitsamt Stuttgart Haftungsausschluss: F\u00fcr Aktualit\u00e4t, Korrektheit, Vollst\u00e4ndigkeit oder Qualit\u00e4t der Informationen der Webseite \u00fcbernimmt die Autorin keine Gew\u00e4hr.&nbsp;Haftungsanspr\u00fcche gegen den Autor, welche sich auf Sch\u00e4den materieller oder ideeller Art&hellip; <a class=\"more-link\" href=\"https:\/\/hisia-artwork.de\/home\/impressum\/\"><span class=\"screen-reader-text\">Impressum<\/span> weiterlesen<\/a><\/p>\n","protected":false},"author":1,"featured_media":0,"parent":0,"menu_order":0,"comment_status":"closed","ping_status":"closed","template":"","meta":{"footnotes":""},"_links":{"self":[{"href":"https:\/\/hisia-artwork.de\/home\/wp-json\/wp\/v2\/pages\/13"}],"collection":[{"href":"https:\/\/hisia-artwork.de\/home\/wp-json\/wp\/v2\/pages"}],"about":[{"href":"https:\/\/hisia-artwork.de\/home\/wp-json\/wp\/v2\/types\/page"}],"author":[{"embeddable":true,"href":"https:\/\/hisia-artwork.de\/home\/wp-json\/wp\/v2\/users\/1"}],"replies":[{"embeddable":true,"href":"https:\/\/hisia-artwork.de\/home\/wp-json\/wp\/v2\/comments?post=13"}],"version-history":[{"count":8,"href":"https:\/\/hisia-artwork.de\/home\/wp-json\/wp\/v2\/pages\/13\/revisions"}],"predecessor-version":[{"id":318,"href":"https:\/\/hisia-artwork.de\/home\/wp-json\/wp\/v2\/pages\/13\/revisions\/318"}],"wp:attachment":[{"href":"https:\/\/hisia-artwork.de\/home\/wp-json\/wp\/v2\/media?parent=13"}],"curies":[{"name":"wp","href":"https:\/\/api.w.org\/{rel}","templated":true}]}}