{"id":12,"date":"2021-11-21T17:45:43","date_gmt":"2021-11-21T17:45:43","guid":{"rendered":"https:\/\/hisia-artwork.de\/datenschutzerklaerung\/"},"modified":"2024-04-23T09:14:37","modified_gmt":"2024-04-23T09:14:37","slug":"datenschutzerklaerung","status":"publish","type":"page","link":"https:\/\/hisia-artwork.de\/home\/datenschutzerklaerung\/","title":{"rendered":"Datenschutzerkl\u00e4rung"},"content":{"rendered":"<div class=\"\" style=\"\" >\n    \n    <section class=\"u-align-left u-black u-clearfix u-section-2\" id=\"sec-1389\">\n      <div class=\"u-clearfix u-sheet u-sheet-1\">\n        <h1 class=\"u-text u-text-1\"> Datenschutzverordnung<\/h1>\n        <div class=\"fr-view u-clearfix u-rich-text u-text u-text-2\">\n          <h2 style=\"text-align: left;\">\n            <span style=\"font-weight: 700; font-size: 1.5rem;\">Datenschutzbeauftragte\/ Seitenbetreiberin<\/span>\n          <\/h2>\n          <p style=\"text-align: left;\">Verantwortliche Stelle Im Sinne der DSGVO nach Art.13a, sowie Seitenbetreiberin ist:<\/p>\n          <p style=\"text-align: left;\">Ines Burkhardt&nbsp;<\/p>\n          <p style=\"text-align: left;\">Obere Steige 9&nbsp;<\/p>\n          <p style=\"text-align: left;\">74722 Buchen<\/p>\n          <p style=\"text-align: left;\">E-Mail: <a href=\"mailto:hisia-artwork@info.de\">hisia-artwork@info.de<\/a>\n          <\/p>\n          <p style=\"text-align: left;\">\n            <br>\n          <\/p>\n          <p style=\"text-align: left;\">Die Nutzung dieser Website kann mit der Verarbeitung von personenbezogenen Daten verbunden sein. Um die Nutzung und Verarbeitung der Daten f\u00fcr Sie nachvollziehbar zu machen, stelle ich hier einen \u00fcberblick dieser f\u00fcr Sie zusammen. Zudem m\u00f6chte ich Sie \u00fcber Ihre Rechte nach der Europ\u00e4ischen Datenschutz-Grundverordnung (DSGVO) und dem Bundesdatenschutzgesetz (BDSG) informieren, um eine faire Verarbeitung zu gew\u00e4hrleisten.&nbsp;<\/p>\n          <p id=\"isPasted\">Es wird darauf hingewiesen, dass die Datenu\u0308bertragung im Internet (z. B. bei der Kommunikation per E-Mail) Sicherheitslu\u0308cken aufweisen kann. Ein lu\u0308ckenloser Schutz der Daten vor dem Zugriff durch Dritte ist nicht mo\u0308glich. &nbsp; &nbsp; &nbsp; &nbsp; &nbsp; &nbsp; &nbsp;&nbsp;<\/p>\n          <p style=\"text-align: left;\">\n            <br>\n          <\/p>\n          <p style=\"text-align: left;\">\n            <span style=\"font-weight: 700; font-size: 1.5rem;\">Betroffenenrechte \/ Beschwerderecht<\/span>\n          <\/p>\n          <p id=\"isPasted\">Als betroffene Person haben Sie das Recht, uns gegen\u00fcber Ihre Betroffenenrechte geltend zu machen. Dabei haben Sie insbesondere die folgenden Rechte:<\/p>\n          <p>- &nbsp;Recht auf Auskunft wie und in welchem Umfang personenbezogene Daten verwendet werden (Art.15 DSGVO und \u00a7 34 BDSG)<\/p>\n          <p>- k\u00f6nnen die Berichtigung Ihrer Daten verlangen (Art. 16 DSGVO)<\/p>\n          <p>- L\u00f6schung Ihrer personenbezogenen Daten verlangen ( Art. 17 DSGVO und \u00a7 35 BDSG)<\/p>\n          <p>- Einschr\u00e4nkung der Verarbeitung Ihrer Daten verlangen ( Art. 18 DSGVO)<\/p>\n          <p>- betreffende personenbezogene Daten, die bereitgestellt wurden in strukturierten, g\u00e4ngigen und maschinenlesbaren Format zu erhalten, und diese Daten einem anderen Verantwortlichen \u00fcbermitteln (Art. 20 DSGVO).<\/p>\n          <p>- gegen jede Verarbeitung, die auf Rechtsgrundlage des Art. 6 Abs. 1 e) oder f) &nbsp;DSGVO beruht, Widerspruch einzulegen. Sofern durch uns personenbezogene Daten \u00fcber Sie zum Zweck der Direktwerbung verarbeitet werden, k\u00f6nnen Sie gegen diese Verarbeitung gem. Art. 21 Abs 1 DSGVO Widerspruch einlegen.<\/p>\n          <p>\n            <br>\n          <\/p>\n          <p>Sofern Sie uns eine gesonderte Einwilligung in die Datenverarbeitung erteilt haben, k\u00f6nnen Sie diese Einwilligung nach Ma\u00dfgabe des Art. 7 Abs. 3 DSGVO jederzeit widerrufen. Durch einen solchen Widerruf wird die Rechtm\u00e4\u00dfigkeit der Verarbeitung, die bis zum Widerruf aufgrund der Einwilligung erfolgt ist, nicht ber\u00fchrt.<\/p>\n          <p>\n            <br>\n          <\/p>\n          <p>Wenn Sie der Ansicht sind, dass eine Verarbeitung der Sie betreffenden personenbezogenen Daten gegen die Bestimmungen der DSGVO verst\u00f6\u00dft, haben Sie nach Ma\u00dfgabe des Art. 77 DSGVO das Recht auf Beschwerde bei einer Aufsichtsbeh\u00f6rde. Eine Liste der Aufsichtsbeh\u00f6rden k\u00f6nnen sie unter folgendem Link finden: <a href=\"https:\/\/www.bfdi.bund.de\/DE\/Service\/Anschriften\/anschriften_table.html\" target=\"_blank\" rel=\"noopener\">https:\/\/www.bfdi.bund.de\/DE\/Service\/Anschriften\/anschriften_table.html<\/a>\n          <\/p>\n          <p>\n            <br>\n          <\/p>\n          <p>\n            <span style=\"font-size: 1.5rem; font-weight: 700;\">Speicherung und L\u00f6schung von Daten<\/span>\n          <\/p>\n          <p id=\"isPasted\">Daten werden nur zu den in der Datenschutzerkl\u00e4rung genannten Zwecken genutzt. Die Weitergabe oder \u00dcbermittlung Ihrer pers\u00f6nlichen Daten an Dritte zu anderen als den genannten Zwecken findet nur statt, wenn:<\/p>\n          <p>- Sie dieser Weitergabe Einwilligung erteilt haben<\/p>\n          <p>- die Verarbeitung zur Abwicklung eines Vertrages mit Ihnen erforderlich ist,<\/p>\n          <p>- Die Verarbeitung zur Erf\u00fcllung einer rechtlichen Verpflichtung erforderlich ist,<\/p>\n          <p>- die Verarbeitung zur Wahrung berechtigter Interessen erforderlich ist und kein Grund zur Annahme besteht, dass Sie ein &nbsp;\u00fcberwiegendes schutzw\u00fcrdiges Interesse an der Nichtweitergabe Ihrer Daten haben.<\/p>\n          <p style=\"text-align: left;\">\n            <br>\n          <\/p>\n          <p>Zugunsten der Datenvermeidung werden personenbezogene Daten nur so lange gespeichert, wie die aufgelisteten Zwecke erfordern oder gesetzlich vorgegebene Aufbewahrungspflichten dies vorsehen. Nach Ablauf dieser Fristen oder der Erf\u00fcllung des jeweiligen Zweckes werden die entsprechenden Daten den gesetzlichen Vorschriften entsprechend gesperrt oder gel\u00f6scht.<\/p>\n          <p>\n            <br>\n          <\/p>\n          <p style=\"text-align: left;\">\n            <span style=\"font-weight: 700; font-size: 1.5rem;\">Hostinganbieter STRATO<\/span>\n          <\/p>\n          <p style=\"text-align: left;\">Um ein sicheres und schnelles Angebot zu erstellen nutzt diese Seite das Hostingangebot der STRATO AG (Otto-Ostrowski-Stra\u00dfe 7, 10249 Berlin) mit folgender Datennutzung:&nbsp;<\/p>\n          <p style=\"text-align: left;\">Der Hostinganbieter speichert sogenannte Log-Daten in Logfiles. Diese Daten dienen der Erstellung von Statistiken, Optimierung des Angebotes und um eventuelle Angriffe abwehren bzw. erkennen zu k\u00f6nnen. Folgende Log-Daten werden hierbei erhoben:&nbsp;<\/p>\n          <p style=\"text-align: left;\">- <span style=\"font-weight: 700;\">Kunden Domain<\/span>&nbsp;\n          <\/p>\n          <p style=\"text-align: left;\">- <span style=\"font-weight: 700;\">Anonymisierte Client IP<\/span>, zur Orts- Erkennung bei Angriffen. Diese werden 7 Tage lang gespeichert und danach anonymisiert. Diese k\u00f6nnen jedoch vom Webseitenbetreiber generell nur anonymisiert eingesehen werden.&nbsp;\n          <\/p>\n          <p style=\"text-align: left;\">- <span style=\"font-weight: 700;\">Timestamp&nbsp;<\/span>Angabe zu Datum und Uhrzeit des Besuches der Website.\n          <\/p>\n          <p style=\"text-align: left;\">- <span style=\"font-weight: 700;\">Request-Zeile:&nbsp;<\/span>Pfad der Zieladresse ohne Domain.\n          <\/p>\n          <p style=\"text-align: left;\">- <span style=\"font-weight: 700;\">Status Code:&nbsp;<\/span>Bsp.: 404-Seite, wenn die Seite oder Datei nicht gefunden wurde.\n          <\/p>\n          <p style=\"text-align: left;\">\n            <span style=\"font-weight: 700;\">- Gr\u00f6\u00dfe des Response Bodies:&nbsp;<\/span>Gr\u00f6\u00dfe heruntergeladener Daten\n          <\/p>\n          <p style=\"text-align: left;\">\n            <span style=\"font-weight: 700;\">- Referer, des Client:&nbsp;<\/span>Seite von der aus zugegriffen wurde.\n          <\/p>\n          <p style=\"text-align: left;\">\n            <span style=\"font-weight: 700;\">- User Agent des Client:&nbsp;<\/span>Art und Version des Browser und dem Betriebssystem.\n          <\/p>\n          <p style=\"text-align: left;\">- <span style=\"font-weight: 700;\">Remote User:<\/span> nur bei Anmeldeprozessen.\n          <\/p>\n          <p style=\"text-align: left;\">f\u00fcr genauere Informationen verweise ich hiermit auf die Datenschutzinformationen der STRATO AG, die unter folgendem Link einzusehen sind: <a href=\"https:\/\/www.strato.de\/datenschutz\/\" target=\"_blank\" rel=\"noopener\">https:\/\/www.strato.de\/datenschutz\/<\/a>\n          <\/p>\n          <p style=\"text-align: left;\">\n            <br>\n          <\/p>\n          <p style=\"text-align: left;\">Mit dem oben genannten Hostinganbieter wurde ein Vertrag \u00fcber Auftragsverarbeitung (AVV) abgeschlossen. Dieser von der Datenschutzverordnung vorgeschriebene Vertrag reglementiert, dass die personenbezogenen Daten dieser Webseite unter Einhaltung der DSGVO verarbeitet werden.<\/p>\n          <p style=\"text-align: left;\">\n            <br>\n          <\/p>\n          <p style=\"text-align: left;\">\n            <span style=\"font-weight: 700;\">\n              <span style=\"font-size: 1.5rem; font-style: italic;\">Datenweitergabe in die USA und sonstige Drittstaaten &nbsp;(Instagram)<\/span>\n              <span style=\"font-style: italic;\">&nbsp;<\/span>&nbsp; &nbsp;\n            <\/span>&nbsp; &nbsp; &nbsp; &nbsp; &nbsp; &nbsp; &nbsp; &nbsp; &nbsp;&nbsp;\n          <\/p>\n          <p style=\"text-align: left;\">Wir verwenden unter anderem Tools von Unternehmen mit Sitz in den USA oder sonstigen datenschutzrechtlich nicht sicheren Drittstaaten. Wenn diese Tools aktiv sind, ko\u0308nnen Ihre personenbezogene Daten in diese Drittstaaten u\u0308bertragen und dort verarbeitet werden. Wir weisen darauf hin, dass in diesen La\u0308ndern kein mit der EU vergleichbares Datenschutzniveau garantiert werden kann. Beispielsweise sind US-Unternehmen dazu verpflichtet, personenbezogene Daten an Sicherheitsbeho\u0308rden herauszugeben, ohne dass Sie als Betroffener hiergegen gerichtlich vorgehen ko\u0308nnten. Es kann daher nicht ausgeschlossen werden, dass US-Beho\u0308rden (z. B. Geheimdienste) Ihre auf US-Servern befindlichen Daten zu U\u0308berwachungszwecken verarbeiten, auswerten und dauerhaft speichern. Wir haben auf diese Verarbeitungsta\u0308tigkeiten keinen Einfluss. &nbsp; &nbsp; &nbsp; &nbsp; &nbsp; &nbsp; &nbsp; &nbsp; &nbsp; &nbsp; &nbsp; &nbsp; &nbsp; &nbsp; &nbsp; &nbsp; &nbsp; &nbsp; &nbsp; &nbsp; &nbsp; &nbsp; &nbsp; &nbsp; &nbsp; &nbsp; &nbsp; &nbsp;<\/p>\n          <p>\n            <br>\n          <\/p>\n          <p style=\"text-align: left;\">Die Webseitenbetreiberin Ines Burkhardt nutzt Dienste der Plattform Instagram Inc., 1601 Willow Road, Menlo Park, CA, 94025, USA. Hiermit weise ich Sie darauf hin, dass Sie die Instagram-Seite sowie deren Funktionen in eigener Verantwortung nutzen. Kommentar- Teil- und Bewertungsfunktion wird in Eigenverantwortung genutzt. Zudem entzieht sich meiner Kenntnis welche Daten das Unternehmen \u00fcbermittelt. Genauere Informationen finden sie in der Datenschutzerkl\u00e4rung von Instagram unter folgendem Link:&nbsp;<\/p>\n          <p style=\"text-align: left;\">\n            <a href=\"http:\/\/instagram.com\/about\/legal\/privacy\/\" target=\"_blank\" rel=\"noopener\">http:\/\/instagram.com\/about\/legal\/privacy\/<\/a>.\n          <\/p>\n          <p id=\"isPasted\">&nbsp;<\/p>\n          <p>Die Funktionen des Anbieters Instagram werden angeboten durch die Meta Platforms Ireland Limited, 4 Grand Canal Square, Grand Canal Harbour, Dublin 2, Irland. &nbsp; &nbsp; &nbsp; &nbsp; &nbsp; &nbsp; &nbsp; &nbsp; &nbsp; &nbsp; &nbsp; &nbsp;<\/p>\n          <p>Wenn das Social-Media-Element aktiv ist, wird eine direkte Verbindung zwischen Ihrem Endgera\u0308t und dem Instagram-Server hergestellt. Instagram erha\u0308lt dadurch Informationen u\u0308ber den Besuch dieser Website durch Sie. &nbsp; &nbsp; &nbsp; &nbsp; &nbsp; &nbsp; &nbsp; &nbsp; &nbsp; &nbsp; &nbsp; &nbsp;<\/p>\n          <p>Wenn Sie in Ihrem Instagram-Account eingeloggt sind, ko\u0308nnen Sie durch Anklicken des Instagram-Buttons die Inhalte dieser Website mit Ihrem Instagram-Profil verlinken. Dadurch kann Instagram den Besuch dieser Website Ihrem Benutzerkonto zuordnen. Wir weisen darauf hin, dass wir als Anbieter der Seiten keine Kenntnis vom Inhalt der u\u0308bermittelten Daten sowie deren Nutzung durch Instagram erhalten. &nbsp; &nbsp; &nbsp; &nbsp; &nbsp; &nbsp; &nbsp; &nbsp; &nbsp; &nbsp; &nbsp; &nbsp;<\/p>\n          <p>Soweit eine Einwilligung (Consent) eingeholt wurde, erfolgt der Einsatz des o. g. Dienstes auf Grundlage von Art. 6 Abs. 1 lit. a DSGVO und \u00a7 25 TTDSG. Die Einwilligung ist jederzeit widerrufbar. Soweit keine Einwilligung eingeholt wurde, erfolgt die Verwendung des Dienstes auf Grundlage unseres berechtigten Interesses an einer mo\u0308glichst umfassenden Sichtbarkeit in den Sozialen Medien. &nbsp; &nbsp; &nbsp; &nbsp; &nbsp; &nbsp; &nbsp; &nbsp; &nbsp; &nbsp; &nbsp; &nbsp; &nbsp; &nbsp; &nbsp; &nbsp; &nbsp; &nbsp; &nbsp; &nbsp; &nbsp; &nbsp; &nbsp; &nbsp; &nbsp; &nbsp; &nbsp; &nbsp;<\/p>\n          <p>&nbsp; &nbsp;&nbsp;<\/p>\n          <p id=\"isPasted\">Soweit mit Hilfe des hier beschriebenen Tools personenbezogene Daten auf unserer Website erfasst und an Facebook bzw. Instagram weitergeleitet werden, sind wir und die Meta Platforms Ireland Limited, 4 Grand Canal Square, Grand Canal Harbour, Dublin 2, Irland gemeinsam fu\u0308r diese Datenverarbeitung verantwortlich (Art. 26 DSGVO). Die gemeinsame Verantwortlichkeit beschra\u0308nkt sich dabei ausschlie\u00dflich auf die Erfassung der Daten und deren Weitergabe an Facebook bzw. Instagram. Die nach der Weiterleitung erfolgende Verarbeitung durch Facebook bzw. Instagram ist nicht Teil der gemeinsamen Verantwortung. Die uns gemeinsam obliegenden Verpflichtungen wurden in einer Vereinbarung u\u0308ber gemeinsame Verarbeitung festgehalten. Den Wortlaut der Vereinbarung finden Sie unter: https:\/\/www.facebook.com\/legal\/controller_addendum. Laut dieser Vereinbarung sind wir fu\u0308r die Erteilung der Datenschutzinformationen beim Einsatz des Facebook- bzw. Instagram-Tools und fu\u0308r die datenschutzrechtlich sichere Implementierung des Tools auf unserer Website verantwortlich. Fu\u0308r die Datensicherheit der Facebook bzw. Instagram-Produkte ist Facebook verantwortlich.&nbsp;<\/p>\n          <p>Betroffenenrechte (z. B. Auskunftsersuchen) hinsichtlich der bei Facebook bzw. Instagram verarbeiteten Daten ko\u0308nnen Sie direkt bei Facebook geltend machen. Wenn Sie die Betroffenenrechte bei uns geltend machen, sind wir verpflichtet, diese an Facebook weiterzuleiten. &nbsp; &nbsp; &nbsp; &nbsp; &nbsp; &nbsp; &nbsp; &nbsp; &nbsp; &nbsp; &nbsp; &nbsp;<\/p>\n          <p>Die Datenu\u0308bertragung in die USA wird auf die Standardvertragsklauseln der EU-Kommission gestu\u0308tzt. &nbsp; &nbsp; Details finden Sie hier:&nbsp;<\/p>\n          <p>https:\/\/www.facebook.com\/legal\/EU_data_transfer_addendum,&nbsp;<\/p>\n          <p>https:\/\/help.instagram.com\/519522125107875 und&nbsp;<\/p>\n          <p>https:\/\/de-de.facebook.com\/help\/566994660333381. &nbsp; &nbsp; &nbsp; &nbsp; &nbsp; &nbsp; &nbsp; &nbsp; &nbsp; &nbsp; &nbsp; &nbsp;<\/p>\n          <p>Weitere Informationen hierzu finden Sie in der Datenschutzerkla\u0308rung von Instagram: https:\/\/instagram.com\/about\/legal\/privacy\/. &nbsp; &nbsp; &nbsp; &nbsp; &nbsp; &nbsp; &nbsp; &nbsp; &nbsp; &nbsp; &nbsp; &nbsp; &nbsp; &nbsp; &nbsp; &nbsp; &nbsp; &nbsp; &nbsp; &nbsp; &nbsp; &nbsp; &nbsp; &nbsp; &nbsp; &nbsp; &nbsp; &nbsp;<\/p>\n          <p>&nbsp;<\/p>\n          <p style=\"text-align: left;\">\n            <span style=\"font-weight: 700; font-size: 1.5rem;\">Links zu anderen Webseiten<\/span>\n          <\/p>\n          <p style=\"text-align: left;\">Diese Seite enth\u00e4lt Links zu externen Webseiten, auf dessen Inhalte ich keinen Einfluss habe, weshalb ich f\u00fcr die entsprechenden Inhalte auch keine Gew\u00e4hr \u00fcbernehme. Der jeweilige Betreiber\/ Anbieter dieser Seite ist f\u00fcr die Inhalte verantwortlich. Eine Pr\u00fcfung der gesetzten Links und deren Webseiten hat stattgefunden und zu diesem Zeitpunkt waren keine m\u00f6glichen Rechtsverst\u00f6\u00dfe erkennbar. Eine Dauerhafte \u00dcberpr\u00fcfung und Kontrolle der verlinkten Seiten ist ohne konkrete Anhaltspunkte einer Rechtsverletzung nicht zumutbar. Bei Bekanntwerdung von Rechtsverletzungen werden betreffende Links selbstverst\u00e4ndlich umgehend entfernt.<\/p>\n          <p style=\"text-align: left;\">\n            <br>\n          <\/p>\n          <p style=\"text-align: left;\">\n            <span style=\"font-size: 1.5rem; font-weight: 700;\">Kontaktformular<\/span>&nbsp;\n          <\/p>\n          <p style=\"text-align: left;\">Bei der Kontaktaufnahme per E-Mail oder das Kontaktformular, werden Daten f\u00fcr den Zweck der Beantwortung und deren Dokumentation, intern verarbeitet und f\u00fcr den Fall von Anschlussfragen bis zu 12 Monate gespeichert. Bei Wunsch von Archivierung und bei gegebenen Aufbewahrungsfristen (Bsp. Kaufvertr\u00e4ge) bleibt der E-Mailverkehr entsprechend gespeichert. Unbegrenzt ist diese Aufbewahrungsfrist bei Archivierungsgr\u00fcnden. Rechtsgrundlage hierf\u00fcr ist Art. 6 Abs. 1 lit. DSGVO.<\/p>\n          <p style=\"text-align: left;\">\n            <br>\n          <\/p>\n          <p style=\"text-align: left;\">\n            <span style=\"font-weight: 700; font-size: 1.5rem;\">Cookies<\/span>\n          <\/p>\n          <p style=\"text-align: left;\">Auch diese Website nutzt Cookies. Dabei handelt es sich um kleine Textdateien, die durch den Webbrowser gespeichert werden und auf ihre Festplatte \u00fcbertragen werden. Der verwendete Browser erh\u00e4lt hierdurch ein Kennzeichen durch welchen er von unserem Webserver wiedererkannt werden kann. dabei erhalten wir automatisch bestimmte Daten, sogenannte \"Persistent Cookies\" f\u00fcr die &nbsp;Analyse der Webseite. Diese Cookies werden automatisch nach einer bestimmten Dauer gel\u00f6scht. Je nach Cookie unterscheidet sich diese. Sofern es durch diese Verwendung von Cookies zu einer Verarbeitung personenbezogener Daten kommt, beruht diese auf der Rechtsgrundlage des Art. 6 Abs. 1 Buchst. f) DSGVO. Diese Verarbeitung dient besonders dem Interesse, die Webseite nutzerfreundlicher (durch Navigationserleichterung), effektiver und sicherer zu gestalten. Cookies sind nicht in der Lage Programme zu starten oder Viren auf einen Computer zu \u00fcbertragen.&nbsp;<\/p>\n          <p style=\"text-align: left;\">Sie k\u00f6nnen die Cookies in den Sicherheitseinstellungen Ihres Browsers jederzeit l\u00f6schen oder der Verwendung von Cookies durch Ihre Browsereinstellungen grunds\u00e4tzlich widersprechen. Bitte beachten Sie hierbei, dass dies mit der eventuellen Einschr\u00e4nkung von Funktionen der Seite einhergeht.<\/p>\n          <p>In keinem Fall werden die von uns erfassten Daten an Dritte weitergegeben oder ohne Ihre Einwilligung eine Verkn\u00fcpfung mit personenbezogenen Daten hergestellt.<\/p>\n          <p>\n            <br>\n          <\/p>\n          <p>\n            <span style=\"font-size: 1.5rem; font-weight: 700;\">Cookibanner<\/span>\n          <\/p>\n          <p id=\"isPasted\">Zur Verwaltung der eingesetzten Cookies und \u00e4hnlichen Technologien (Tracking-Pixel, Web-Beacons etc.) und diesbez\u00fcglicher Einwilligungen setzen wir das Consent Tool \"Real Cookie Banner\" ein. Details zur Funktionsweise von \"Real Cookie Banner\" findest du unter https:\/\/devowl.io\/de\/rcb\/datenverarbeitung\/.<\/p>\n          <p>Rechtsgrundlagen f\u00fcr die Verarbeitung von personenbezogenen Daten in diesem Zusammenhang sind Art. 6 Abs. 1 lit. c DS-GVO und Art. 6 Abs. 1 lit. f DS-GVO. Unser berechtigtes Interesse ist die Verwaltung der eingesetzten Cookies und \u00e4hnlichen Technologien und der diesbez\u00fcglichen Einwilligungen.<\/p>\n          <p>Die Bereitstellung der personenbezogenen Daten ist weder vertraglich vorgeschrieben noch f\u00fcr den Abschluss eines Vertrages notwendig. Du bist nicht verpflichtet die personenbezogenen Daten bereitzustellen. Wenn du die personenbezogenen Daten nicht bereitstellst, k\u00f6nnen wir deine Einwilligungen nicht verwalten.<\/p>\n          <p>\n            <br>\n          <\/p>\n          <p id=\"isPasted\">\n            <span style=\"font-size: 1.5rem; font-weight: 700; font-style: italic;\">SSL- bzw. TLS-Verschlu\u0308sselung &nbsp;<\/span>&nbsp; &nbsp; &nbsp; &nbsp; &nbsp; &nbsp; &nbsp; &nbsp; &nbsp; &nbsp; &nbsp;&nbsp;\n          <\/p>\n          <p>Diese Seite nutzt aus Sicherheitsgru\u0308nden und zum Schutz der U\u0308bertragung vertraulicher Inhalte, wie zum Beispiel Bestellungen oder Anfragen, die Sie an uns als Seitenbetreiber senden, eine SSL- bzw. TLS- Verschlu\u0308sselung. Eine verschlu\u0308sselte Verbindung erkennen Sie daran, dass die Adresszeile des Browsers von \u201ehttp:\/\/\u201c auf \u201ehttps:\/\/\u201c wechselt und an dem Schloss-Symbol in Ihrer Browserzeile. &nbsp; &nbsp; &nbsp; &nbsp; &nbsp; &nbsp; &nbsp; &nbsp; &nbsp; &nbsp; &nbsp;&nbsp;<\/p>\n          <p>&nbsp;Wenn die SSL- bzw. TLS-Verschlu\u0308sselung aktiviert ist, ko\u0308nnen die Daten, die Sie an uns u\u0308bermitteln, nicht von Dritten mitgelesen werden.<\/p>\n          <p>\n            <br>\n          <\/p>\n          <p id=\"isPasted\">\n            <span style=\"font-size: 1.5rem; font-weight: 700; font-style: italic;\">6. Analyse-Tools und Werbung WP Statistics&nbsp;<\/span>\n            <span style=\"font-style: italic;\">&nbsp; &nbsp; &nbsp;<\/span>&nbsp; &nbsp; &nbsp; &nbsp; &nbsp; &nbsp; &nbsp; &nbsp; &nbsp;&nbsp;\n          <\/p>\n          <p>Diese Website nutzt das Analysetool WP Statistics, um Besucherzugriffe statistisch auszuwerten. Anbieter ist Veronalabs, Tatari 64, 10134, Tallinn, Estland ( https:\/\/veronalabs.com). Mit WP Statistics ko\u0308nnen wir die Nutzung unserer Website analysieren. WP Statistics erfasst dabei u. a. Logdateien (IP-Adresse, Referrer, verwendete Browser, Herkunft des Nutzers, verwendete Suchmaschine) und Aktionen, die die Websitebesucher auf der Seite geta\u0308tigt haben (z. B. Klicks und Ansichten). &nbsp; &nbsp; &nbsp; &nbsp; &nbsp; &nbsp; &nbsp; &nbsp; &nbsp; &nbsp; &nbsp; &nbsp;<\/p>\n          <p>Die mit WP Statistics erfassten Daten werden ausschlie\u00dflich auf unserem eigenen Server gespeichert. Die Nutzung dieses Analyse-Tools erfolgt auf Grundlage von Art. 6 Abs. 1 lit. f DSGVO. Wir haben ein berechtigtes Interesse an der anonymisierten Analyse des Nutzerverhaltens, um sowohl unser Webangebot als auch unsere Werbung zu optimieren. Sofern eine entsprechende Einwilligung abgefragt wurde, erfolgt die Verarbeitung ausschlie\u00dflich auf Grundlage von Art. 6 Abs. 1 lit. a DSGVO und \u00a7 25 Abs. 1 TTDSG, soweit die Einwilligung die Speicherung von Cookies oder den Zugriff auf Informationen im Endgera\u0308t des Nutzers (z. B. Device-Fingerprinting) im Sinne des TTDSG umfasst. Die Einwilligung ist jederzeit widerrufbar. &nbsp; &nbsp; &nbsp; &nbsp; &nbsp; &nbsp;<\/p>\n          <p>\n            <br>\n          <\/p>\n          <p>IP-Anonymisierung &nbsp; &nbsp; &nbsp; &nbsp; &nbsp; &nbsp; &nbsp; &nbsp; &nbsp; &nbsp; &nbsp; &nbsp;<\/p>\n          <p>Wir verwenden WP Statistics mit anonymisierter IP. Ihre IP-Adresse wird dabei geku\u0308rzt, sodass diese Ihnen nicht mehr direkt zugeordnet werden kann. &nbsp; &nbsp; &nbsp; &nbsp; &nbsp; &nbsp; &nbsp; &nbsp; &nbsp; &nbsp; &nbsp; &nbsp; &nbsp; &nbsp; &nbsp; &nbsp; &nbsp; &nbsp; &nbsp; &nbsp; &nbsp; &nbsp; &nbsp; &nbsp; &nbsp; &nbsp; &nbsp; &nbsp;<\/p>\n          <p>&nbsp;<\/p>\n          <p>\n            <span style=\"font-size: 1.5rem; font-weight: 700;\">\n              <span style=\"font-style: italic;\">Widerspruch gegen Werbe-E-Mails&nbsp;<\/span>&nbsp; &nbsp; &nbsp; &nbsp; &nbsp; &nbsp; &nbsp; &nbsp; &nbsp; &nbsp; &nbsp; &nbsp;\n            <\/span>\n          <\/p>\n          <p>Der Nutzung von im Rahmen der Impressumspflicht vero\u0308ffentlichten Kontaktdaten zur U\u0308bersendung von nicht ausdru\u0308cklich angeforderter Werbung und Informationsmaterialien wird hiermit widersprochen. Die Betreiber der Seiten behalten sich ausdru\u0308cklich rechtliche Schritte im Falle der unverlangten Zusendung von Werbeinformationen, etwa durch Spam-E-Mails, vor.<\/p>\n          <p>\n            <br>\n          <\/p>\n          <p>Ich behalte mir vor, die Datenschutzerkl\u00e4rung anzupassen, um den aktuellen Anforderungen zu entsprechen.<\/p>\n          <p style=\"text-align: left;\">\n            <br>\n          <\/p>\n          <p style=\"text-align: left;\">\n            <span style=\"font-size: 1.5rem; font-weight: 700;\">Quellen:&nbsp;<\/span>\n          <\/p>\n          <p style=\"text-align: left;\">Diese Datenschutzerkl\u00e4rung wurde unter Einbezug verschiedener Quellen erstellt. Kursiv markierte Texte entsprechen folgender Quelle:&nbsp;<\/p>\n          <p id=\"isPasted\">https:\/\/www.e-recht24.de&nbsp;<\/p>\n        <\/div>\n      <\/div>\n    <\/section>\n    \n    \n    \n  \n<\/div>","protected":false},"excerpt":{"rendered":"<p>Datenschutzverordnung Datenschutzbeauftragte\/ Seitenbetreiberin Verantwortliche Stelle Im Sinne der DSGVO nach Art.13a, sowie Seitenbetreiberin ist: Ines Burkhardt&nbsp; Obere Steige 9&nbsp; 74722 Buchen E-Mail: hisia-artwork@info.de Die Nutzung dieser Website kann mit der Verarbeitung von personenbezogenen Daten verbunden sein. Um die Nutzung und Verarbeitung der Daten f\u00fcr Sie nachvollziehbar zu machen, stelle ich hier einen \u00fcberblick dieser f\u00fcr&hellip; <a class=\"more-link\" href=\"https:\/\/hisia-artwork.de\/home\/datenschutzerklaerung\/\"><span class=\"screen-reader-text\">Datenschutzerkl\u00e4rung<\/span> weiterlesen<\/a><\/p>\n","protected":false},"author":1,"featured_media":0,"parent":0,"menu_order":0,"comment_status":"closed","ping_status":"closed","template":"","meta":{"footnotes":""},"_links":{"self":[{"href":"https:\/\/hisia-artwork.de\/home\/wp-json\/wp\/v2\/pages\/12"}],"collection":[{"href":"https:\/\/hisia-artwork.de\/home\/wp-json\/wp\/v2\/pages"}],"about":[{"href":"https:\/\/hisia-artwork.de\/home\/wp-json\/wp\/v2\/types\/page"}],"author":[{"embeddable":true,"href":"https:\/\/hisia-artwork.de\/home\/wp-json\/wp\/v2\/users\/1"}],"replies":[{"embeddable":true,"href":"https:\/\/hisia-artwork.de\/home\/wp-json\/wp\/v2\/comments?post=12"}],"version-history":[{"count":20,"href":"https:\/\/hisia-artwork.de\/home\/wp-json\/wp\/v2\/pages\/12\/revisions"}],"predecessor-version":[{"id":464,"href":"https:\/\/hisia-artwork.de\/home\/wp-json\/wp\/v2\/pages\/12\/revisions\/464"}],"wp:attachment":[{"href":"https:\/\/hisia-artwork.de\/home\/wp-json\/wp\/v2\/media?parent=12"}],"curies":[{"name":"wp","href":"https:\/\/api.w.org\/{rel}","templated":true}]}}